{"id":1040,"date":"2024-02-28T15:50:10","date_gmt":"2024-02-28T13:50:10","guid":{"rendered":"https:\/\/evavaljaots.com\/?page_id=1040"},"modified":"2024-02-28T20:37:55","modified_gmt":"2024-02-28T18:37:55","slug":"varispaivatrio","status":"publish","type":"page","link":"https:\/\/www.evavaljaots.com\/en\/koostood\/varispaivatrio\/","title":{"rendered":"Varisp\u00e4iv\u00e4trio"},"content":{"rendered":"<div data-elementor-type=\"wp-page\" data-elementor-id=\"1040\" class=\"elementor elementor-1040\">\n\t\t\t\t<div class=\"elementor-element elementor-element-6c8da45 e-flex e-con-boxed e-con e-parent\" data-id=\"6c8da45\" data-element_type=\"container\" data-e-type=\"container\">\n\t\t\t\t\t<div class=\"e-con-inner\">\n\t\t\t\t<div class=\"elementor-element elementor-element-8286352 elementor-widget elementor-widget-heading\" data-id=\"8286352\" data-element_type=\"widget\" data-e-type=\"widget\" data-widget_type=\"heading.default\">\n\t\t\t\t<div class=\"elementor-widget-container\">\n\t\t\t\t\t<h2 class=\"elementor-heading-title elementor-size-default\">VARISP\u00c4IV\u00c4TRIO<\/h2>\t\t\t\t<\/div>\n\t\t\t\t<\/div>\n\t\t\t\t<div class=\"elementor-element elementor-element-e4d8ae0 elementor-widget-divider--view-line elementor-widget elementor-widget-divider\" data-id=\"e4d8ae0\" data-element_type=\"widget\" data-e-type=\"widget\" data-widget_type=\"divider.default\">\n\t\t\t\t<div class=\"elementor-widget-container\">\n\t\t\t\t\t\t\t<div class=\"elementor-divider\">\n\t\t\t<span class=\"elementor-divider-separator\">\n\t\t\t\t\t\t<\/span>\n\t\t<\/div>\n\t\t\t\t\t\t<\/div>\n\t\t\t\t<\/div>\n\t\t\t\t\t<\/div>\n\t\t\t\t<\/div>\n\t\t<div class=\"elementor-element elementor-element-5272841 e-flex e-con-boxed e-con e-parent\" data-id=\"5272841\" data-element_type=\"container\" data-e-type=\"container\">\n\t\t\t\t\t<div class=\"e-con-inner\">\n\t\t\t\t<div class=\"elementor-element elementor-element-9064e6a elementor-widget elementor-widget-text-editor\" data-id=\"9064e6a\" data-element_type=\"widget\" data-e-type=\"widget\" data-widget_type=\"text-editor.default\">\n\t\t\t\t<div class=\"elementor-widget-container\">\n\t\t\t\t\t\t\t\t\t<p>Varisp\u00e4iv\u00e4trio consists of three kantele players: Eva V\u00e4ljaots \n(EST), Jenni Ven\u00e4l\u00e4inen (FIN) and Timo V\u00e4\u00e4n\u00e4nen (FIN), \nwho share their fascination of the music traditions of Khanty \nand Mansi people. On the 5-string lyre instruments <i>nars-juh<\/i>\nand <i>sangvyltap<\/i>, similar to <i>kantele<\/i> and <i>kannel<\/i>, the trio plays \nKhanty and Mansi tunes along with the trio's compositions \nand improvisations inspired by traditional melodies, rhythms \nand sounds.<\/p>\t\t\t\t\t\t\t\t<\/div>\n\t\t\t\t<\/div>\n\t\t\t\t\t<\/div>\n\t\t\t\t<\/div>\n\t\t<div class=\"elementor-element elementor-element-ed5164b varispaivatriodiv e-flex e-con-boxed e-con e-parent\" data-id=\"ed5164b\" data-element_type=\"container\" data-e-type=\"container\">\n\t\t\t\t\t<div class=\"e-con-inner\">\n\t\t<div class=\"elementor-element elementor-element-f108071 e-con-full e-flex e-con e-child\" data-id=\"f108071\" data-element_type=\"container\" data-e-type=\"container\">\n\t\t\t\t<div class=\"elementor-element elementor-element-6075f75 elementor-widget elementor-widget-heading\" data-id=\"6075f75\" data-element_type=\"widget\" data-e-type=\"widget\" data-widget_type=\"heading.default\">\n\t\t\t\t<div class=\"elementor-widget-container\">\n\t\t\t\t\t<h2 class=\"elementor-heading-title elementor-size-default\">Eva v\u00e4ljaots<\/h2>\t\t\t\t<\/div>\n\t\t\t\t<\/div>\n\t\t\t\t<div class=\"elementor-element elementor-element-226c6ec elementor-widget elementor-widget-image\" data-id=\"226c6ec\" data-element_type=\"widget\" data-e-type=\"widget\" data-widget_type=\"image.default\">\n\t\t\t\t<div class=\"elementor-widget-container\">\n\t\t\t\t\t\t\t\t\t\t\t\t\t\t\t<img fetchpriority=\"high\" decoding=\"async\" width=\"888\" height=\"592\" src=\"https:\/\/www.evavaljaots.com\/wp-content\/uploads\/2024\/02\/Eva-Valjaots3.-Photo-by-Monika-Valiste.jpg\" class=\"attachment-full size-full wp-image-1129\" alt=\"\" srcset=\"https:\/\/www.evavaljaots.com\/wp-content\/uploads\/2024\/02\/Eva-Valjaots3.-Photo-by-Monika-Valiste.jpg 888w, https:\/\/www.evavaljaots.com\/wp-content\/uploads\/2024\/02\/Eva-Valjaots3.-Photo-by-Monika-Valiste-300x200.jpg 300w, https:\/\/www.evavaljaots.com\/wp-content\/uploads\/2024\/02\/Eva-Valjaots3.-Photo-by-Monika-Valiste-768x512.jpg 768w\" sizes=\"(max-width: 888px) 100vw, 888px\" \/>\t\t\t\t\t\t\t\t\t\t\t\t\t\t\t<\/div>\n\t\t\t\t<\/div>\n\t\t\t\t<\/div>\n\t\t<div class=\"elementor-element elementor-element-904e473 e-con-full e-flex e-con e-child\" data-id=\"904e473\" data-element_type=\"container\" data-e-type=\"container\">\n\t\t\t\t<div class=\"elementor-element elementor-element-413243f elementor-widget elementor-widget-heading\" data-id=\"413243f\" data-element_type=\"widget\" data-e-type=\"widget\" data-widget_type=\"heading.default\">\n\t\t\t\t<div class=\"elementor-widget-container\">\n\t\t\t\t\t<h2 class=\"elementor-heading-title elementor-size-default\">Jenni Ven\u00e4l\u00e4inen<\/h2>\t\t\t\t<\/div>\n\t\t\t\t<\/div>\n\t\t\t\t<div class=\"elementor-element elementor-element-95d1afe elementor-widget elementor-widget-image\" data-id=\"95d1afe\" data-element_type=\"widget\" data-e-type=\"widget\" data-widget_type=\"image.default\">\n\t\t\t\t<div class=\"elementor-widget-container\">\n\t\t\t\t\t\t\t\t\t\t\t\t\t\t\t<img decoding=\"async\" src=\"https:\/\/evavaljaots.com\/wp-content\/uploads\/2024\/02\/77342590_100434381446856_1458915285674229760_n.jpg\" title=\"\" alt=\"\" loading=\"lazy\" \/>\t\t\t\t\t\t\t\t\t\t\t\t\t\t\t<\/div>\n\t\t\t\t<\/div>\n\t\t\t\t<\/div>\n\t\t<div class=\"elementor-element elementor-element-8f79529 e-con-full e-flex e-con e-child\" data-id=\"8f79529\" data-element_type=\"container\" data-e-type=\"container\">\n\t\t\t\t<div class=\"elementor-element elementor-element-35706d7 elementor-widget elementor-widget-heading\" data-id=\"35706d7\" data-element_type=\"widget\" data-e-type=\"widget\" data-widget_type=\"heading.default\">\n\t\t\t\t<div class=\"elementor-widget-container\">\n\t\t\t\t\t<h2 class=\"elementor-heading-title elementor-size-default\">Timo Ven\u00e4l\u00e4inen<\/h2>\t\t\t\t<\/div>\n\t\t\t\t<\/div>\n\t\t\t\t<div class=\"elementor-element elementor-element-b6820ca elementor-widget elementor-widget-image\" data-id=\"b6820ca\" data-element_type=\"widget\" data-e-type=\"widget\" data-widget_type=\"image.default\">\n\t\t\t\t<div class=\"elementor-widget-container\">\n\t\t\t\t\t\t\t\t\t\t\t\t\t\t\t<img decoding=\"async\" src=\"https:\/\/evavaljaots.com\/wp-content\/uploads\/2024\/02\/382737951_148266498353325_3565823877341558379_n.jpg\" title=\"\" alt=\"\" loading=\"lazy\" \/>\t\t\t\t\t\t\t\t\t\t\t\t\t\t\t<\/div>\n\t\t\t\t<\/div>\n\t\t\t\t<\/div>\n\t\t\t\t\t<\/div>\n\t\t\t\t<\/div>\n\t\t\t\t<\/div>","protected":false},"excerpt":{"rendered":"<p>VARISP\u00c4IV\u00c4TRIO Varisp\u00e4iv\u00e4trios musitseerivad kolm kandlem\u00e4ngijat, keda \u00fchendab vaimustus handi ja mansi muusikatraditsiooni vastu. Eva V\u00e4ljaots (EST), Jenni Ven\u00e4l\u00e4inen (FIN) ja Timo V\u00e4\u00e4n\u00e4nen (FIN) m\u00e4ngivad trios v\u00e4ikekandlele sarnanevatel pillidel nars-juh\/sangvyltap. Nende repertuaaris on lisaks handi ja mansi lugudele ka muusikute enda loomingut ja improvisatsiooni, mis on inspireeritud traditsioonilistest meloodiatest, r\u00fctmidest ja helikeelest. Ansambli nimi viitab soome [&hellip;]<\/p>\n","protected":false},"author":1,"featured_media":0,"parent":1031,"menu_order":0,"comment_status":"closed","ping_status":"closed","template":"","meta":{"site-sidebar-layout":"no-sidebar","site-content-layout":"page-builder","ast-site-content-layout":"full-width-container","site-content-style":"default","site-sidebar-style":"default","ast-global-header-display":"","ast-banner-title-visibility":"","ast-main-header-display":"","ast-hfb-above-header-display":"","ast-hfb-below-header-display":"","ast-hfb-mobile-header-display":"","site-post-title":"disabled","ast-breadcrumbs-content":"","ast-featured-img":"disabled","footer-sml-layout":"","ast-disable-related-posts":"","theme-transparent-header-meta":"default","adv-header-id-meta":"","stick-header-meta":"","header-above-stick-meta":"","header-main-stick-meta":"","header-below-stick-meta":"","astra-migrate-meta-layouts":"set","ast-page-background-enabled":"default","ast-page-background-meta":{"desktop":{"background-color":"","background-image":"","background-repeat":"repeat","background-position":"center center","background-size":"auto","background-attachment":"scroll","background-type":"","background-media":"","overlay-type":"","overlay-color":"","overlay-opacity":"","overlay-gradient":""},"tablet":{"background-color":"","background-image":"","background-repeat":"repeat","background-position":"center center","background-size":"auto","background-attachment":"scroll","background-type":"","background-media":"","overlay-type":"","overlay-color":"","overlay-opacity":"","overlay-gradient":""},"mobile":{"background-color":"","background-image":"","background-repeat":"repeat","background-position":"center center","background-size":"auto","background-attachment":"scroll","background-type":"","background-media":"","overlay-type":"","overlay-color":"","overlay-opacity":"","overlay-gradient":""}},"ast-content-background-meta":{"desktop":{"background-color":"var(--ast-global-color-5)","background-image":"","background-repeat":"repeat","background-position":"center center","background-size":"auto","background-attachment":"scroll","background-type":"","background-media":"","overlay-type":"","overlay-color":"","overlay-opacity":"","overlay-gradient":""},"tablet":{"background-color":"var(--ast-global-color-5)","background-image":"","background-repeat":"repeat","background-position":"center center","background-size":"auto","background-attachment":"scroll","background-type":"","background-media":"","overlay-type":"","overlay-color":"","overlay-opacity":"","overlay-gradient":""},"mobile":{"background-color":"var(--ast-global-color-5)","background-image":"","background-repeat":"repeat","background-position":"center center","background-size":"auto","background-attachment":"scroll","background-type":"","background-media":"","overlay-type":"","overlay-color":"","overlay-opacity":"","overlay-gradient":""}},"footnotes":""},"class_list":["post-1040","page","type-page","status-publish","hentry"],"yoast_head":"<!-- This site is optimized with the Yoast SEO plugin v27.5 - https:\/\/yoast.com\/product\/yoast-seo-wordpress\/ -->\n<title>Varisp\u00e4iv\u00e4trio - Eva V\u00e4ljaots<\/title>\n<meta name=\"robots\" content=\"index, follow, max-snippet:-1, max-image-preview:large, max-video-preview:-1\" \/>\n<link rel=\"canonical\" href=\"https:\/\/www.evavaljaots.com\/en\/koostood\/varispaivatrio\/\" \/>\n<meta property=\"og:locale\" content=\"en_GB\" \/>\n<meta property=\"og:type\" content=\"article\" \/>\n<meta property=\"og:title\" content=\"Varisp\u00e4iv\u00e4trio - Eva V\u00e4ljaots\" \/>\n<meta property=\"og:description\" content=\"VARISP\u00c4IV\u00c4TRIO Varisp\u00e4iv\u00e4trios musitseerivad kolm kandlem\u00e4ngijat, keda \u00fchendab vaimustus handi ja mansi muusikatraditsiooni vastu. Eva V\u00e4ljaots (EST), Jenni Ven\u00e4l\u00e4inen (FIN) ja Timo V\u00e4\u00e4n\u00e4nen (FIN) m\u00e4ngivad trios v\u00e4ikekandlele sarnanevatel pillidel nars-juh\/sangvyltap. Nende repertuaaris on lisaks handi ja mansi lugudele ka muusikute enda loomingut ja improvisatsiooni, mis on inspireeritud traditsioonilistest meloodiatest, r\u00fctmidest ja helikeelest. Ansambli nimi viitab soome [&hellip;]\" \/>\n<meta property=\"og:url\" content=\"https:\/\/www.evavaljaots.com\/en\/koostood\/varispaivatrio\/\" \/>\n<meta property=\"og:site_name\" content=\"Eva V\u00e4ljaots\" \/>\n<meta property=\"article:publisher\" content=\"https:\/\/www.facebook.com\/evavaljaotsmusic\" \/>\n<meta property=\"article:modified_time\" content=\"2024-02-28T18:37:55+00:00\" \/>\n<meta property=\"og:image\" content=\"https:\/\/evavaljaots.com\/wp-content\/uploads\/2024\/02\/Eva-Valjaots3.-Photo-by-Monika-Valiste.jpg\" \/>\n<meta name=\"twitter:card\" content=\"summary_large_image\" \/>\n<meta name=\"twitter:label1\" content=\"Estimated reading time\" \/>\n\t<meta name=\"twitter:data1\" content=\"1 minute\" \/>\n<script type=\"application\/ld+json\" class=\"yoast-schema-graph\">{\"@context\":\"https:\\\/\\\/schema.org\",\"@graph\":[{\"@type\":\"WebPage\",\"@id\":\"https:\\\/\\\/www.evavaljaots.com\\\/en\\\/koostood\\\/varispaivatrio\\\/\",\"url\":\"https:\\\/\\\/www.evavaljaots.com\\\/en\\\/koostood\\\/varispaivatrio\\\/\",\"name\":\"Varisp\u00e4iv\u00e4trio - Eva V\u00e4ljaots\",\"isPartOf\":{\"@id\":\"https:\\\/\\\/evavaljaots.com\\\/#website\"},\"primaryImageOfPage\":{\"@id\":\"https:\\\/\\\/www.evavaljaots.com\\\/en\\\/koostood\\\/varispaivatrio\\\/#primaryimage\"},\"image\":{\"@id\":\"https:\\\/\\\/www.evavaljaots.com\\\/en\\\/koostood\\\/varispaivatrio\\\/#primaryimage\"},\"thumbnailUrl\":\"https:\\\/\\\/evavaljaots.com\\\/wp-content\\\/uploads\\\/2024\\\/02\\\/Eva-Valjaots3.-Photo-by-Monika-Valiste.jpg\",\"datePublished\":\"2024-02-28T13:50:10+00:00\",\"dateModified\":\"2024-02-28T18:37:55+00:00\",\"breadcrumb\":{\"@id\":\"https:\\\/\\\/www.evavaljaots.com\\\/en\\\/koostood\\\/varispaivatrio\\\/#breadcrumb\"},\"inLanguage\":\"en-GB\",\"potentialAction\":[{\"@type\":\"ReadAction\",\"target\":[\"https:\\\/\\\/www.evavaljaots.com\\\/en\\\/koostood\\\/varispaivatrio\\\/\"]}]},{\"@type\":\"ImageObject\",\"inLanguage\":\"en-GB\",\"@id\":\"https:\\\/\\\/www.evavaljaots.com\\\/en\\\/koostood\\\/varispaivatrio\\\/#primaryimage\",\"url\":\"https:\\\/\\\/evavaljaots.com\\\/wp-content\\\/uploads\\\/2024\\\/02\\\/Eva-Valjaots3.-Photo-by-Monika-Valiste.jpg\",\"contentUrl\":\"https:\\\/\\\/evavaljaots.com\\\/wp-content\\\/uploads\\\/2024\\\/02\\\/Eva-Valjaots3.-Photo-by-Monika-Valiste.jpg\"},{\"@type\":\"BreadcrumbList\",\"@id\":\"https:\\\/\\\/www.evavaljaots.com\\\/en\\\/koostood\\\/varispaivatrio\\\/#breadcrumb\",\"itemListElement\":[{\"@type\":\"ListItem\",\"position\":1,\"name\":\"Home\",\"item\":\"https:\\\/\\\/evavaljaots.com\\\/\"},{\"@type\":\"ListItem\",\"position\":2,\"name\":\"KOOST\u00d6\u00d6D\",\"item\":\"https:\\\/\\\/www.evavaljaots.com\\\/koostood\\\/\"},{\"@type\":\"ListItem\",\"position\":3,\"name\":\"Varisp\u00e4iv\u00e4trio\"}]},{\"@type\":\"WebSite\",\"@id\":\"https:\\\/\\\/evavaljaots.com\\\/#website\",\"url\":\"https:\\\/\\\/evavaljaots.com\\\/\",\"name\":\"Eva V\u00e4ljaots\",\"description\":\"Kannel player\",\"publisher\":{\"@id\":\"https:\\\/\\\/evavaljaots.com\\\/#organization\"},\"potentialAction\":[{\"@type\":\"SearchAction\",\"target\":{\"@type\":\"EntryPoint\",\"urlTemplate\":\"https:\\\/\\\/evavaljaots.com\\\/?s={search_term_string}\"},\"query-input\":{\"@type\":\"PropertyValueSpecification\",\"valueRequired\":true,\"valueName\":\"search_term_string\"}}],\"inLanguage\":\"en-GB\"},{\"@type\":\"Organization\",\"@id\":\"https:\\\/\\\/evavaljaots.com\\\/#organization\",\"name\":\"Eva V\u00e4ljaots - kandlem\u00e4ngija\",\"url\":\"https:\\\/\\\/evavaljaots.com\\\/\",\"logo\":{\"@type\":\"ImageObject\",\"inLanguage\":\"en-GB\",\"@id\":\"https:\\\/\\\/evavaljaots.com\\\/#\\\/schema\\\/logo\\\/image\\\/\",\"url\":\"https:\\\/\\\/www.evavaljaots.com\\\/wp-content\\\/uploads\\\/2024\\\/03\\\/Veebilehe-logo.png\",\"contentUrl\":\"https:\\\/\\\/www.evavaljaots.com\\\/wp-content\\\/uploads\\\/2024\\\/03\\\/Veebilehe-logo.png\",\"width\":3751,\"height\":2813,\"caption\":\"Eva V\u00e4ljaots - kandlem\u00e4ngija\"},\"image\":{\"@id\":\"https:\\\/\\\/evavaljaots.com\\\/#\\\/schema\\\/logo\\\/image\\\/\"},\"sameAs\":[\"https:\\\/\\\/www.facebook.com\\\/evavaljaotsmusic\"]}]}<\/script>\n<!-- \/ Yoast SEO plugin. -->","yoast_head_json":{"title":"Varisp\u00e4iv\u00e4trio - Eva V\u00e4ljaots","robots":{"index":"index","follow":"follow","max-snippet":"max-snippet:-1","max-image-preview":"max-image-preview:large","max-video-preview":"max-video-preview:-1"},"canonical":"https:\/\/www.evavaljaots.com\/en\/koostood\/varispaivatrio\/","og_locale":"en_GB","og_type":"article","og_title":"Varisp\u00e4iv\u00e4trio - Eva V\u00e4ljaots","og_description":"VARISP\u00c4IV\u00c4TRIO Varisp\u00e4iv\u00e4trios musitseerivad kolm kandlem\u00e4ngijat, keda \u00fchendab vaimustus handi ja mansi muusikatraditsiooni vastu. Eva V\u00e4ljaots (EST), Jenni Ven\u00e4l\u00e4inen (FIN) ja Timo V\u00e4\u00e4n\u00e4nen (FIN) m\u00e4ngivad trios v\u00e4ikekandlele sarnanevatel pillidel nars-juh\/sangvyltap. Nende repertuaaris on lisaks handi ja mansi lugudele ka muusikute enda loomingut ja improvisatsiooni, mis on inspireeritud traditsioonilistest meloodiatest, r\u00fctmidest ja helikeelest. Ansambli nimi viitab soome [&hellip;]","og_url":"https:\/\/www.evavaljaots.com\/en\/koostood\/varispaivatrio\/","og_site_name":"Eva V\u00e4ljaots","article_publisher":"https:\/\/www.facebook.com\/evavaljaotsmusic","article_modified_time":"2024-02-28T18:37:55+00:00","og_image":[{"url":"https:\/\/evavaljaots.com\/wp-content\/uploads\/2024\/02\/Eva-Valjaots3.-Photo-by-Monika-Valiste.jpg","type":"","width":"","height":""}],"twitter_card":"summary_large_image","twitter_misc":{"Estimated reading time":"1 minute"},"schema":{"@context":"https:\/\/schema.org","@graph":[{"@type":"WebPage","@id":"https:\/\/www.evavaljaots.com\/en\/koostood\/varispaivatrio\/","url":"https:\/\/www.evavaljaots.com\/en\/koostood\/varispaivatrio\/","name":"Varisp\u00e4iv\u00e4trio - Eva V\u00e4ljaots","isPartOf":{"@id":"https:\/\/evavaljaots.com\/#website"},"primaryImageOfPage":{"@id":"https:\/\/www.evavaljaots.com\/en\/koostood\/varispaivatrio\/#primaryimage"},"image":{"@id":"https:\/\/www.evavaljaots.com\/en\/koostood\/varispaivatrio\/#primaryimage"},"thumbnailUrl":"https:\/\/evavaljaots.com\/wp-content\/uploads\/2024\/02\/Eva-Valjaots3.-Photo-by-Monika-Valiste.jpg","datePublished":"2024-02-28T13:50:10+00:00","dateModified":"2024-02-28T18:37:55+00:00","breadcrumb":{"@id":"https:\/\/www.evavaljaots.com\/en\/koostood\/varispaivatrio\/#breadcrumb"},"inLanguage":"en-GB","potentialAction":[{"@type":"ReadAction","target":["https:\/\/www.evavaljaots.com\/en\/koostood\/varispaivatrio\/"]}]},{"@type":"ImageObject","inLanguage":"en-GB","@id":"https:\/\/www.evavaljaots.com\/en\/koostood\/varispaivatrio\/#primaryimage","url":"https:\/\/evavaljaots.com\/wp-content\/uploads\/2024\/02\/Eva-Valjaots3.-Photo-by-Monika-Valiste.jpg","contentUrl":"https:\/\/evavaljaots.com\/wp-content\/uploads\/2024\/02\/Eva-Valjaots3.-Photo-by-Monika-Valiste.jpg"},{"@type":"BreadcrumbList","@id":"https:\/\/www.evavaljaots.com\/en\/koostood\/varispaivatrio\/#breadcrumb","itemListElement":[{"@type":"ListItem","position":1,"name":"Home","item":"https:\/\/evavaljaots.com\/"},{"@type":"ListItem","position":2,"name":"KOOST\u00d6\u00d6D","item":"https:\/\/www.evavaljaots.com\/koostood\/"},{"@type":"ListItem","position":3,"name":"Varisp\u00e4iv\u00e4trio"}]},{"@type":"WebSite","@id":"https:\/\/evavaljaots.com\/#website","url":"https:\/\/evavaljaots.com\/","name":"Eva V\u00e4ljaots","description":"Kannel player","publisher":{"@id":"https:\/\/evavaljaots.com\/#organization"},"potentialAction":[{"@type":"SearchAction","target":{"@type":"EntryPoint","urlTemplate":"https:\/\/evavaljaots.com\/?s={search_term_string}"},"query-input":{"@type":"PropertyValueSpecification","valueRequired":true,"valueName":"search_term_string"}}],"inLanguage":"en-GB"},{"@type":"Organization","@id":"https:\/\/evavaljaots.com\/#organization","name":"Eva V\u00e4ljaots - kandlem\u00e4ngija","url":"https:\/\/evavaljaots.com\/","logo":{"@type":"ImageObject","inLanguage":"en-GB","@id":"https:\/\/evavaljaots.com\/#\/schema\/logo\/image\/","url":"https:\/\/www.evavaljaots.com\/wp-content\/uploads\/2024\/03\/Veebilehe-logo.png","contentUrl":"https:\/\/www.evavaljaots.com\/wp-content\/uploads\/2024\/03\/Veebilehe-logo.png","width":3751,"height":2813,"caption":"Eva V\u00e4ljaots - kandlem\u00e4ngija"},"image":{"@id":"https:\/\/evavaljaots.com\/#\/schema\/logo\/image\/"},"sameAs":["https:\/\/www.facebook.com\/evavaljaotsmusic"]}]}},"_links":{"self":[{"href":"https:\/\/www.evavaljaots.com\/en\/wp-json\/wp\/v2\/pages\/1040","targetHints":{"allow":["GET"]}}],"collection":[{"href":"https:\/\/www.evavaljaots.com\/en\/wp-json\/wp\/v2\/pages"}],"about":[{"href":"https:\/\/www.evavaljaots.com\/en\/wp-json\/wp\/v2\/types\/page"}],"author":[{"embeddable":true,"href":"https:\/\/www.evavaljaots.com\/en\/wp-json\/wp\/v2\/users\/1"}],"replies":[{"embeddable":true,"href":"https:\/\/www.evavaljaots.com\/en\/wp-json\/wp\/v2\/comments?post=1040"}],"version-history":[{"count":5,"href":"https:\/\/www.evavaljaots.com\/en\/wp-json\/wp\/v2\/pages\/1040\/revisions"}],"predecessor-version":[{"id":1139,"href":"https:\/\/www.evavaljaots.com\/en\/wp-json\/wp\/v2\/pages\/1040\/revisions\/1139"}],"up":[{"embeddable":true,"href":"https:\/\/www.evavaljaots.com\/en\/wp-json\/wp\/v2\/pages\/1031"}],"wp:attachment":[{"href":"https:\/\/www.evavaljaots.com\/en\/wp-json\/wp\/v2\/media?parent=1040"}],"curies":[{"name":"wp","href":"https:\/\/api.w.org\/{rel}","templated":true}]}}